{"id":198,"date":"2020-08-12T22:45:44","date_gmt":"2020-08-12T20:45:44","guid":{"rendered":"http:\/\/typonoclaste.org\/index.php\/akeui\/"},"modified":"2023-12-07T20:30:30","modified_gmt":"2023-12-07T19:30:30","slug":"akeui","status":"publish","type":"page","link":"https:\/\/typonoclaste.org\/","title":{"rendered":"AKEUI"},"content":{"rendered":"<div class=\"\" style=\"\" >\n    \n    <section class=\"u-clearfix u-section-2\" id=\"sec-9a3f\">\n      <div class=\"u-clearfix u-sheet u-sheet-1\">\n        <img decoding=\"async\" class=\"u-image u-image-1\" src=\"https:\/\/typonoclaste.org\/wp-content\/uploads\/2020\/08\/TITRE22.png\" data-image-width=\"1166\" data-image-height=\"611\">\n      <\/div>\n    <\/section>\n    <section class=\"u-clearfix u-section-3\" id=\"sec-af68\">\n      <div class=\"u-clearfix u-sheet u-sheet-1\">\n        <div class=\"u-clearfix u-expanded-width u-gutter-0 u-layout-wrap u-layout-wrap-1\">\n          <div class=\"u-layout\">\n            <div class=\"u-layout-col\">\n              <div class=\"u-size-60\">\n                <div class=\"u-layout-row\">\n                  <div class=\"u-container-style u-layout-cell u-size-30 u-layout-cell-1\">\n                    <div class=\"u-container-layout u-container-layout-1\">\n                      <div class=\"u-expanded-width-sm u-expanded-width-xs u-palette-1-base u-shape u-shape-circle u-shape-1\"><\/div>\n                      <img decoding=\"async\" src=\"https:\/\/typonoclaste.org\/wp-content\/uploads\/2020\/08\/typono01.png\" alt=\"\" class=\"u-expanded-width u-image u-image-default u-image-1\" data-image-width=\"424\" data-image-height=\"661\">\n                      <img decoding=\"async\" class=\"u-image u-image-contain u-image-2\" src=\"https:\/\/typonoclaste.org\/wp-content\/uploads\/2020\/08\/ATKAS.png\" data-image-width=\"351\" data-image-height=\"333\">\n                      <p class=\"u-text u-text-1\"><i> \u00ab\u2009La lutte des classes\npasse par la typo\ncomme \u00e7a c\u2019est fait\u2009\u00bb&nbsp;<br><\/i>Jean-Baptiste Nobodi \n                      <\/p>\n                    <\/div>\n                  <\/div>\n                  <div class=\"u-container-style u-layout-cell u-size-30 u-layout-cell-2\">\n                    <div class=\"u-container-layout u-container-layout-2\">\n                      <p class=\"u-text u-text-palette-4-dark-1 u-text-2\">L\n\u2019histoire de la typographie participe \u00e0 celle de l\u2019art autant qu\u2019\u00e0 celle de la science, elle est attach\u00e9e, comme une belle en bondage, \u00e0 la litt\u00e9rature, la po\u00e9sie, la philosophie tout comme elle l\u2019est aux avanc\u00e9es des techniques, et ce depuis son invention. Elle a ses t\u00e9nors, ses ma\u00eetres, ses rebelles, ses piliers, ses gardiens, ses gu\u00e9rilleros, ses suiveurs, ses penseurs, ses faiseurs, ses philosophes, ses po\u00e8tes et ses conservateurs. Durant les cinq si\u00e8cles qu\u2019elle a travers\u00e9, elle a vu des pionniers, comme Gutenberg ou Garamond, et des innovateurs comme Bodoni ou Bayer et son \u00e9picentre s\u2019est d\u00e9plac\u00e9 tour \u00e0 tour entre la France, les Pays-Bas, l\u2019Italie, la Grande Bretagne, les \u00c9tats-Unis ou l\u2019Allemagne car nous ne parlerons, en bon europ\u00e9ocentristes, exclusivement de la typographie des caract\u00e8res latins. Cette aventure merveilleuse a \u00e9t\u00e9, et est toujours, un des v\u00e9hicules de l\u2019histoire de la pens\u00e9e et de la culture et peut-\u00eatre m\u00eame le plus important d\u2019entre eux. Chaque avanc\u00e9e majeure a toujours g\u00e9n\u00e9r\u00e9 une phase de suivisme ou d\u2019outil de libert\u00e9 elle devient un carcan tenu par des gardiens du temple, gaul\u00e9s comme des inquisiteurs. <br> Aujourd\u2019hui il y a encore quelques inquisiteurs qui tra\u00eenent dans les pens\u00e9es de chaque typographe lib\u00e9r\u00e9, alors que notre nouveau monde informatis\u00e9 nous a affranchi de tous ces garde-fous qui nous emp\u00eachaient de commettre les horreurs du pr\u00e9-num\u00e9rique. <br> Ce petit site \u00ab DU PARFAIT TYPONOCLASTE\u2009\u00bb a donc \u00e9t\u00e9 con\u00e7u pour vous en lib\u00e9rer tout en vous amusant, ce qui est encore la meilleure fa\u00e7on de se rendre libre. \n                      <\/p>\n                      <div class=\"u-border-2 u-border-palette-4-base u-line u-line-vertical u-line-1\"><\/div>\n                    <\/div>\n                  <\/div>\n                <\/div>\n              <\/div>\n            <\/div>\n          <\/div>\n        <\/div>\n        <div class=\"u-border-2 u-border-palette-4-base u-line u-line-vertical u-line-2\"><\/div>\n      <\/div>\n    <\/section>\n    <section class=\"u-align-center u-clearfix u-section-4\" id=\"sec-6e0d\">\n      <div class=\"u-clearfix u-sheet u-sheet-1\">\n        <div class=\"u-clearfix u-expanded-width u-gutter-0 u-layout-wrap u-layout-wrap-1\">\n          <div class=\"u-layout\" style=\"\">\n            <div class=\"u-layout-row\" style=\"\">\n              <div class=\"u-align-left u-container-style u-image u-layout-cell u-left-cell u-size-30 u-size-xs-60 u-image-1\" src=\"\" data-image-width=\"1297\" data-image-height=\"1600\" data-animation-name=\"flash\" data-animation-duration=\"1000\" data-animation-delay=\"0\" data-animation-direction=\"\" style=\"background-image: url(&quot;https:\/\/typonoclaste.org\/wp-content\/uploads\/2020\/08\/2a8978f29161ae4af947b5ee5ef11bc7_st_2019311233538.png&quot;);\">\n                <div class=\"u-container-layout u-valign-bottom u-container-layout-1\" src=\"\"><\/div>\n              <\/div>\n              <div class=\"u-align-left u-container-style u-layout-cell u-palette-1-base u-right-cell u-size-30 u-size-xs-60 u-layout-cell-2\">\n                <div class=\"u-container-layout u-container-layout-2\">\n                  <img decoding=\"async\" src=\"https:\/\/typonoclaste.org\/wp-content\/uploads\/2020\/08\/circle.png\" alt=\"\" class=\"u-image u-image-default u-image-2\" data-image-width=\"1174\" data-image-height=\"1080\" data-animation-name=\"zoomIn\" data-animation-duration=\"3750\" data-animation-delay=\"500\" data-animation-direction=\"\">\n                  <img decoding=\"async\" src=\"https:\/\/typonoclaste.org\/wp-content\/uploads\/2020\/09\/typosexy.png\" alt=\"\" class=\"u-expanded-width u-image u-image-default u-image-3\" data-image-width=\"664\" data-image-height=\"990\" data-animation-name=\"slideIn\" data-animation-duration=\"1000\" data-animation-delay=\"0\" data-animation-direction=\"Down\">\n                <\/div>\n              <\/div>\n            <\/div>\n          <\/div>\n        <\/div>\n      <\/div>\n    <\/section>\n    <section class=\"u-clearfix u-palette-2-light-3 u-section-5\" id=\"sec-e931\">\n      <div class=\"u-clearfix u-sheet u-valign-middle-lg u-valign-middle-md u-valign-middle-sm u-valign-middle-xl u-sheet-1\">\n        <div class=\"u-clearfix u-expanded-width u-gutter-14 u-layout-wrap u-layout-wrap-1\">\n          <div class=\"u-gutter-0 u-layout\">\n            <div class=\"u-layout-row\">\n              <div class=\"u-size-27 u-size-60-md\">\n                <div class=\"u-layout-row\">\n                  <div class=\"u-container-style u-layout-cell u-left-cell u-size-60 u-layout-cell-1\">\n                    <div class=\"u-container-layout\">\n                      <div class=\"u-black u-shape u-shape-rectangle u-shape-1\"><\/div>\n                      <img decoding=\"async\" src=\"https:\/\/typonoclaste.org\/wp-content\/uploads\/2020\/08\/circle1.png\" alt=\"\" class=\"u-image u-image-contain u-image-default u-image-1\" data-image-width=\"1174\" data-image-height=\"1080\" data-animation-name=\"zoomIn\" data-animation-duration=\"1000\" data-animation-delay=\"0\" data-animation-direction=\"Down\">\n                    <\/div>\n                  <\/div>\n                <\/div>\n              <\/div>\n              <div class=\"u-size-33 u-size-60-md\">\n                <div class=\"u-layout-row\">\n                  <div class=\"u-container-style u-layout-cell u-size-60 u-layout-cell-2\">\n                    <div class=\"u-container-layout\">\n                      <div class=\"u-palette-1-base u-shape u-shape-circle u-shape-2\" data-animation-name=\"slideIn\" data-animation-duration=\"1000\" data-animation-delay=\"0\" data-animation-direction=\"Down\"><\/div>\n                    <\/div>\n                  <\/div>\n                <\/div>\n              <\/div>\n            <\/div>\n          <\/div>\n        <\/div>\n      <\/div>\n    <\/section>\n    \n    \n    \n    \n  \n<\/div>","protected":false},"excerpt":{"rendered":"<p>\u00ab\u2009La lutte des classes passe par la typo comme \u00e7a c\u2019est fait\u2009\u00bb&nbsp;Jean-Baptiste Nobodi L \u2019histoire de la typographie participe \u00e0 celle de l\u2019art autant qu\u2019\u00e0 celle de la science, elle est attach\u00e9e, comme une belle en bondage, \u00e0 la litt\u00e9rature, la po\u00e9sie, la philosophie tout comme elle l\u2019est aux avanc\u00e9es des techniques, et ce depuis&hellip; <a class=\"more-link\" href=\"https:\/\/typonoclaste.org\/\">Poursuivre la lecture <span class=\"screen-reader-text\">AKEUI<\/span><\/a><\/p>\n","protected":false},"author":1,"featured_media":0,"parent":0,"menu_order":1,"comment_status":"closed","ping_status":"closed","template":"","meta":{"footnotes":""},"class_list":["post-198","page","type-page","status-publish","hentry","entry"],"_links":{"self":[{"href":"https:\/\/typonoclaste.org\/index.php\/wp-json\/wp\/v2\/pages\/198"}],"collection":[{"href":"https:\/\/typonoclaste.org\/index.php\/wp-json\/wp\/v2\/pages"}],"about":[{"href":"https:\/\/typonoclaste.org\/index.php\/wp-json\/wp\/v2\/types\/page"}],"author":[{"embeddable":true,"href":"https:\/\/typonoclaste.org\/index.php\/wp-json\/wp\/v2\/users\/1"}],"replies":[{"embeddable":true,"href":"https:\/\/typonoclaste.org\/index.php\/wp-json\/wp\/v2\/comments?post=198"}],"version-history":[{"count":2,"href":"https:\/\/typonoclaste.org\/index.php\/wp-json\/wp\/v2\/pages\/198\/revisions"}],"predecessor-version":[{"id":413,"href":"https:\/\/typonoclaste.org\/index.php\/wp-json\/wp\/v2\/pages\/198\/revisions\/413"}],"wp:attachment":[{"href":"https:\/\/typonoclaste.org\/index.php\/wp-json\/wp\/v2\/media?parent=198"}],"curies":[{"name":"wp","href":"https:\/\/api.w.org\/{rel}","templated":true}]}}