{"id":200,"date":"2020-08-12T22:45:46","date_gmt":"2020-08-12T20:45:46","guid":{"rendered":"http:\/\/typonoclaste.org\/index.php\/klassifi\/"},"modified":"2021-04-24T16:34:35","modified_gmt":"2021-04-24T14:34:35","slug":"klassifi","status":"publish","type":"page","link":"https:\/\/typonoclaste.org\/index.php\/klassifi\/","title":{"rendered":"KLASSIFI"},"content":{"rendered":"<div class=\"\" style=\"\" >\n    \n    <section class=\"u-align-left u-clearfix u-white u-section-2\" id=\"carousel_8f06\">\n      <div class=\"u-clearfix u-sheet u-sheet-1\">\n        <div class=\"u-clearfix u-expanded-width u-gutter-30 u-layout-wrap u-layout-wrap-1\">\n          <div class=\"u-layout\">\n            <div class=\"u-layout-row\">\n              <div class=\"u-size-39\">\n                <div class=\"u-layout-row\">\n                  <div class=\"u-container-style u-image u-layout-cell u-size-60 u-image-1\" data-image-width=\"548\" data-image-height=\"938\">\n                    <div class=\"u-container-layout\">\n                      <a href=\"#sec-9b36\" class=\"u-border-2 u-border-hover-palette-1-base u-border-palette-1-base u-btn u-btn-round u-button-style u-hover-palette-1-base u-none u-radius-50 u-btn-1\">CLASSES<\/a>\n                    <\/div>\n                  <\/div>\n                <\/div>\n              <\/div>\n              <div class=\"u-size-21 u-size-60-md\">\n                <div class=\"u-layout-row\">\n                  <div class=\"u-container-style u-layout-cell u-palette-1-base u-right-cell u-size-60 u-layout-cell-2\">\n                    <div class=\"u-container-layout u-valign-bottom-lg u-valign-bottom-md u-valign-bottom-sm u-valign-bottom-xl u-container-layout-2\">\n                      <p class=\"u-text u-text-1\">L'histoire c\u2019est beau mais \u00e7a fait vite un petit chaos sans queue ni t\u00eate si on ne la range pas correctement. La typographie n\u2019\u00e9chappe pas \u00e0 cette r\u00e8gle comme elle n\u2019essaie pas d\u2019\u00e9chapper \u00e0 tant de r\u00e8gles faites pour \u00eatre bris\u00e9es.&nbsp; <br> Pour \u00e9viter le d\u00e9sordre graphique les typographes ont ressenti le besoin d\u2019organiser les choses proprement et comme \u00e7a on s\u2019y retrouve sinon c\u2019est n\u2019importe quoi et la porte ouverte \u00e0 l\u2019anarchie.&nbsp; <br> C\n\u2019est donc au cours du XXe si\u00e8cle que Max-\u00c9mile Box nous gratifia de la classification qui porte son nom et qui partait d\u2019un bon sentiment car l\u2019enfer typographique est pav\u00e9 de bonnes intentions pleines de signes et d\u2019espaces. Box, comme son nom l\u2019indique avait horreur du d\u00e9sordre et aimait que la typographie soit bien rang\u00e9e. \n                      <\/p>\n                    <\/div>\n                  <\/div>\n                <\/div>\n              <\/div>\n            <\/div>\n          <\/div>\n        <\/div>\n        <img decoding=\"async\" src=\"https:\/\/typonoclaste.org\/wp-content\/uploads\/2020\/08\/FLECHEBAS.svg\" alt=\"\" class=\"u-expanded-width-xs u-image u-image-default u-image-2\" data-image-width=\"534\" data-image-height=\"53\">\n      <\/div>\n    <\/section>\n    <section class=\"u-clearfix u-palette-4-dark-2 u-section-3\" id=\"carousel_ae86\">\n      <div class=\"u-clearfix u-sheet u-sheet-1\">\n        <div class=\"u-clearfix u-expanded-width u-gutter-0 u-layout-wrap u-layout-wrap-1\">\n          <div class=\"u-layout\">\n            <div class=\"u-layout-row\">\n              <div class=\"u-container-style u-image u-layout-cell u-left-cell u-size-33 u-image-1\" data-image-width=\"669\" data-image-height=\"934\">\n                <div class=\"u-container-layout u-container-layout-1\"><\/div>\n              <\/div>\n              <div class=\"u-align-left u-container-style u-layout-cell u-palette-2-base u-right-cell u-size-27 u-layout-cell-2\">\n                <div class=\"u-container-layout u-container-layout-2\">\n                  <h2 class=\"u-text u-text-1\">MAX-\u00c9MILE BOX<\/h2>\n                  <p class=\"u-text u-text-2\">(1894-1974) Typographe humaniste fran\u00e7ais du XXe si\u00e8cle.<\/p>\n                  <p class=\"u-text u-text-3\"> En bonhomme du XXe si\u00e8cle dont la culture humaniste d\u00e9rivait en droite ligne du si\u00e8cle des lumi\u00e8res et m\u00eame un peu avant, le grand Max-\u00c9mile avait tendance \u00e0 vouloir tout coller dans des cases, ce qu\u2019il fit. Son petit neveu, Nicolas H\u00e9quessel, continua son \u0153uvre et on en subit encore les d\u00e9gats. Son arri\u00e8re petit cousin par alliance, Pierre Gobart, nous bassine encore avec des gagarinismes de pr\u00e9cieux tubercule qui n\u2019ont d\u2019autres effets que de s\u2019autoconforter dans le r\u00f4le de l\u2019homme qui sait, nous vous conseillons d\u2019\u00e9viter de tels dinosaures.\nBox, quant \u00e0 lui, nous a l\u00e9gu\u00e9 une vision tr\u00e9s XXe si\u00e8cle de la typographie, circonscrite aux pays o\u00f9 l\u2019usage de l\u2019alphabet latin est r\u00e9pandu. Box eut-il \u00e9t\u00e9 chinois que la face du monde en eut \u00e9t\u00e9 chang\u00e9e.&nbsp;\nOn a \u00e9chapp\u00e9 belle!\nOn lui doit aussi, entre autres multiples choses l\u00e9gu\u00e9es \u00e0 l\u2019humanit\u00e9, le grand jamboree annuel de typographie en apn\u00e9e de Blur, petit patelin pop et d\u00e9licieusement typique de la province de Floo en Grand\u2019Bretagne.<\/p>\n                <\/div>\n              <\/div>\n            <\/div>\n          <\/div>\n        <\/div>\n        <p class=\"u-text u-text-4\"> Max-\u00c9mile Box au jamboree de Blur en 1985.\nPhototypographie de Thibault d\u2019O, le cousin de l\u2019histoire.<\/p>\n      <\/div>\n    <\/section>\n    <section class=\"u-align-center u-clearfix u-section-4\" id=\"sec-9b36\">\n      <div class=\"u-clearfix u-sheet u-sheet-1\">\n        <img decoding=\"async\" src=\"https:\/\/typonoclaste.org\/wp-content\/uploads\/2020\/08\/CLASSIFICATION2.png\" alt=\"\" class=\"u-expanded-width u-image u-image-default u-image-1\">\n        <h2 class=\"u-text u-text-1\"> LA BOITE MENTALE O\u00d9 TOUT RANGER&nbsp;<br>QUAND ON A BESOIN DE BRILLER EN SOCI\u00c9T\u00c9 \n        <\/h2>\n      <\/div>\n    <\/section>\n    <section class=\"u-clearfix u-section-5\" id=\"sec-b7ff\">\n      <div class=\"u-clearfix u-sheet u-sheet-1\">\n        <div class=\"u-list u-list-1\">\n          <div class=\"u-repeater u-repeater-1\">\n            <div class=\"u-align-center-xs u-container-style u-list-item u-repeater-item\">\n              <div class=\"u-container-layout u-similar-container u-valign-top u-container-layout-1\">\n                <img decoding=\"async\" src=\"https:\/\/typonoclaste.org\/wp-content\/uploads\/2020\/08\/ICONE-CANONIQUES.png\" alt=\"\" class=\"u-image u-image-default u-image-1\" data-image-width=\"120\" data-image-height=\"120\">\n                <h3 class=\"u-align-center-lg u-align-center-md u-align-center-sm u-align-center-xl u-text u-text-1\">LES CANONIQUES<\/h3>\n                <a href=\"https:\/\/typonoclaste.org\/index.php\/les-canoniques\/\" class=\"u-active-none u-border-2 u-border-palette-1-base u-btn u-btn-rectangle u-button-style u-hover-none u-none u-btn-1\">learn more<\/a>\n                <p class=\"u-align-center-lg u-align-center-md u-align-center-sm u-align-center-xl u-text u-text-2\">&nbsp;FUTURABAROCK&nbsp;<br>GARATON&nbsp; <br>LE VENGEUR AGA\u00c7ANT<br>&nbsp;\tLILLOISE ORN\u00c9E&nbsp; <br>NOBODI\u2019S PERFECT<br>QUELQUONQUE DISTINGU\u00c9E&nbsp; \n                <\/p>\n              <\/div>\n            <\/div>\n            <div class=\"u-align-center-xs u-container-style u-list-item u-repeater-item\">\n              <div class=\"u-container-layout u-similar-container u-valign-top u-container-layout-2\">\n                <img decoding=\"async\" src=\"https:\/\/typonoclaste.org\/wp-content\/uploads\/2020\/08\/ICONE-COQUETTES.png\" alt=\"\" class=\"u-image u-image-default u-image-2\">\n                <h3 class=\"u-align-center-lg u-align-center-md u-align-center-sm u-align-center-xl u-text u-text-3\">LES COQUETTES<\/h3>\n                <a href=\"https:\/\/typonoclaste.org\/index.php\/les-coquettes-2\/\" class=\"u-active-none u-border-2 u-border-palette-1-base u-btn u-btn-rectangle u-button-style u-hover-none u-none u-btn-2\">learn more<\/a>\n                <p class=\"u-align-center-lg u-align-center-md u-align-center-sm u-align-center-xl u-text u-text-4\">&nbsp;DIVINE<br>EGO&nbsp; <br>\u00c8VE<br>\u00c9MOTIVE<br>M\u00c9THADONE<br>RUPTURE&nbsp; \n                <\/p>\n              <\/div>\n            <\/div>\n            <div class=\"u-align-center-xs u-container-style u-list-item u-repeater-item\">\n              <div class=\"u-container-layout u-similar-container u-valign-top u-container-layout-3\">\n                <img decoding=\"async\" src=\"https:\/\/typonoclaste.org\/wp-content\/uploads\/2020\/08\/ICONE-DISTROYIQUES.png\" alt=\"\" class=\"u-image u-image-default u-image-3\">\n                <h3 class=\"u-align-center-lg u-align-center-md u-align-center-sm u-align-center-xl u-text u-text-5\">LES DYSTRO\u00cfQUES<\/h3>\n                <a href=\"https:\/\/nicepage.com\" class=\"u-active-none u-border-2 u-border-palette-1-base u-btn u-btn-rectangle u-button-style u-hover-none u-none u-btn-3\">learn more<\/a>\n                <p class=\"u-align-center-lg u-align-center-md u-align-center-sm u-align-center-xl u-text u-text-6\">&nbsp;BAVURE&nbsp;<br>BAVURE RECTIFI\u00c9E&nbsp;\n                <\/p>\n              <\/div>\n            <\/div>\n          <\/div>\n        <\/div>\n      <\/div>\n    <\/section>\n    <section class=\"u-clearfix u-section-6\" id=\"sec-eaf7\">\n      <div class=\"u-clearfix u-sheet u-sheet-1\">\n        <div class=\"u-expanded-width u-list u-list-1\">\n          <div class=\"u-repeater u-repeater-1\">\n            <div class=\"u-container-style u-list-item u-repeater-item\">\n              <div class=\"u-container-layout u-similar-container u-container-layout-1\">\n                <img decoding=\"async\" src=\"https:\/\/typonoclaste.org\/wp-content\/uploads\/2020\/08\/ICONE-DIZAINEUSES.png\" alt=\"\" class=\"u-image u-image-default u-image-1\">\n                <h3 class=\"u-align-center u-text u-text-1\">LES DIZAINEUSES<\/h3>\n                <a href=\"https:\/\/typonoclaste.org\/index.php\/les-dizagneuses-1\/\" class=\"u-active-none u-border-2 u-border-palette-1-base u-btn u-btn-rectangle u-button-style u-hover-none u-none u-btn-1\">learn more<\/a>\n                <p class=\"u-align-center-lg u-align-center-md u-align-center-sm u-align-center-xl u-align-left-xs u-text u-text-2\">Sample text. Click to select the text box. Click again or double click to start editing the text.<\/p>\n              <\/div>\n            <\/div>\n            <div class=\"u-container-style u-list-item u-repeater-item\">\n              <div class=\"u-container-layout u-similar-container u-container-layout-2\">\n                <img decoding=\"async\" src=\"https:\/\/typonoclaste.org\/wp-content\/uploads\/2020\/08\/ICONE-GEOMETRALES.png\" alt=\"\" class=\"u-image u-image-default u-image-2\">\n                <h3 class=\"u-align-center u-text u-text-3\">LES G\u00c9OM\u00c9TRALES<\/h3>\n                <a href=\"https:\/\/nicepage.com\" class=\"u-active-none u-border-2 u-border-palette-1-base u-btn u-btn-rectangle u-button-style u-hover-none u-none u-btn-2\">learn more<\/a>\n                <p class=\"u-align-center-lg u-align-center-md u-align-center-sm u-align-center-xl u-align-left-xs u-text u-text-4\">Sample text. Click to select the text box. Click again or double click to start editing the text.<\/p>\n              <\/div>\n            <\/div>\n            <div class=\"u-align-center u-container-style u-list-item u-repeater-item\">\n              <div class=\"u-container-layout u-similar-container u-container-layout-3\">\n                <img decoding=\"async\" src=\"https:\/\/typonoclaste.org\/wp-content\/uploads\/2020\/08\/ICONE-GROSESQUES.png\" alt=\"\" class=\"u-image u-image-default u-image-3\">\n                <h3 class=\"u-align-center-xs u-text u-text-5\">LES GROSESQUES<\/h3>\n                <a href=\"https:\/\/nicepage.com\" class=\"u-active-none u-border-2 u-border-palette-1-base u-btn u-btn-rectangle u-button-style u-hover-none u-none u-btn-3\">learn more<\/a>\n                <p class=\"u-align-left-xs u-text u-text-6\">Sample text. Click to select the text box. Click again or double click to start editing the text.<\/p>\n              <\/div>\n            <\/div>\n          <\/div>\n        <\/div>\n      <\/div>\n    <\/section>\n    <section class=\"u-clearfix u-section-7\" id=\"sec-e5ae\">\n      <div class=\"u-clearfix u-sheet u-sheet-1\">\n        <div class=\"u-expanded-width u-list u-list-1\">\n          <div class=\"u-repeater u-repeater-1\">\n            <div class=\"u-container-style u-list-item u-repeater-item\">\n              <div class=\"u-container-layout u-similar-container u-container-layout-1\">\n                <img decoding=\"async\" src=\"https:\/\/typonoclaste.org\/wp-content\/uploads\/2020\/08\/ICONE-HYSTERISQUES.png\" alt=\"\" class=\"u-image u-image-default u-image-1\" data-image-width=\"120\" data-image-height=\"120\">\n                <h3 class=\"u-align-center u-text u-text-1\">LES HYST\u00c9RISQUES<\/h3>\n                <a href=\"https:\/\/nicepage.com\" class=\"u-active-none u-border-2 u-border-palette-1-base u-btn u-btn-rectangle u-button-style u-hover-none u-none u-btn-1\">learn more<\/a>\n                <p class=\"u-align-center u-text u-text-2\">Sample text. Click to select the text box. Click again or double click to start editing the text.<\/p>\n              <\/div>\n            <\/div>\n            <div class=\"u-container-style u-list-item u-repeater-item\">\n              <div class=\"u-container-layout u-similar-container u-container-layout-2\">\n                <img decoding=\"async\" src=\"https:\/\/typonoclaste.org\/wp-content\/uploads\/2020\/08\/ICONE-MANUELLES.png\" alt=\"\" class=\"u-image u-image-default u-image-2\">\n                <h3 class=\"u-align-center u-text u-text-3\">LES MANUELLES<\/h3>\n                <a href=\"https:\/\/nicepage.com\" class=\"u-active-none u-border-2 u-border-palette-1-base u-btn u-btn-rectangle u-button-style u-hover-none u-none u-btn-2\">learn more<\/a>\n                <p class=\"u-align-center u-text u-text-4\">Sample text. Click to select the text box. Click again or double click to start editing the text.<\/p>\n              <\/div>\n            <\/div>\n            <div class=\"u-align-center u-container-style u-list-item u-repeater-item\">\n              <div class=\"u-container-layout u-similar-container u-container-layout-3\">\n                <img decoding=\"async\" src=\"https:\/\/typonoclaste.org\/wp-content\/uploads\/2020\/08\/ICONE-MEDICALES.png\" alt=\"\" class=\"u-image u-image-default u-image-3\">\n                <h3 class=\"u-align-center-xs u-text u-text-5\">LES M\u00c9DICALES<\/h3>\n                <a href=\"https:\/\/nicepage.com\" class=\"u-active-none u-border-2 u-border-palette-1-base u-btn u-btn-rectangle u-button-style u-hover-none u-none u-btn-3\">learn more<\/a>\n                <p class=\"u-align-center-xs u-text u-text-6\">Sample text. Click to select the text box. Click again or double click to start editing the text.<\/p>\n              <\/div>\n            <\/div>\n          <\/div>\n        <\/div>\n      <\/div>\n    <\/section>\n    <section class=\"u-clearfix u-section-8\" id=\"sec-d0c8\">\n      <div class=\"u-clearfix u-sheet u-sheet-1\">\n        <div class=\"u-expanded-width u-list u-list-1\">\n          <div class=\"u-repeater u-repeater-1\">\n            <div class=\"u-container-style u-list-item u-repeater-item\">\n              <div class=\"u-container-layout u-similar-container u-container-layout-1\">\n                <img decoding=\"async\" src=\"https:\/\/typonoclaste.org\/wp-content\/uploads\/2020\/08\/ICONE-CULTURALES.png\" alt=\"\" class=\"u-image u-image-default u-image-1\" data-image-width=\"120\" data-image-height=\"120\">\n                <h3 class=\"u-align-center u-text u-text-1\">LES QULTURALES<\/h3>\n                <a href=\"https:\/\/nicepage.com\" class=\"u-active-none u-border-2 u-border-palette-1-base u-btn u-btn-rectangle u-button-style u-hover-none u-none u-btn-1\">learn more<\/a>\n                <p class=\"u-align-center u-text u-text-2\">Sample text. Click to select the text box. Click again or double click to start editing the text.<\/p>\n              <\/div>\n            <\/div>\n            <div class=\"u-container-style u-list-item u-repeater-item\">\n              <div class=\"u-container-layout u-similar-container u-container-layout-2\">\n                <img decoding=\"async\" src=\"https:\/\/typonoclaste.org\/wp-content\/uploads\/2020\/08\/ICONE-TYPIQUES.png\" alt=\"\" class=\"u-image u-image-default u-image-2\">\n                <h3 class=\"u-align-center u-text u-text-3\">LES TYPIQUES<\/h3>\n                <a href=\"https:\/\/nicepage.com\" class=\"u-active-none u-border-2 u-border-palette-1-base u-btn u-btn-rectangle u-button-style u-hover-none u-none u-btn-2\">learn more<\/a>\n                <p class=\"u-align-center u-text u-text-4\">Sample text. Click to select the text box. Click again or double click to start editing the text.<\/p>\n              <\/div>\n            <\/div>\n            <div class=\"u-align-center u-container-style u-list-item u-repeater-item\">\n              <div class=\"u-container-layout u-similar-container u-container-layout-3\">\n                <img decoding=\"async\" src=\"https:\/\/typonoclaste.org\/wp-content\/uploads\/2020\/08\/ICONE-ZOCIALES.png\" alt=\"\" class=\"u-image u-image-default u-image-3\">\n                <h3 class=\"u-align-center-xs u-text u-text-5\">LES ZOCIALES<\/h3>\n                <a href=\"https:\/\/nicepage.com\" class=\"u-active-none u-border-2 u-border-palette-1-base u-btn u-btn-rectangle u-button-style u-hover-none u-none u-btn-3\">learn more<\/a>\n                <p class=\"u-align-center-xs u-text u-text-6\">Sample text. Click to select the text box. Click again or double click to start editing the text.<\/p>\n              <\/div>\n            <\/div>\n          <\/div>\n        <\/div>\n      <\/div>\n    <\/section>\n    \n    \n    \n  \n<\/div>","protected":false},"excerpt":{"rendered":"<p>CLASSES L&rsquo;histoire c\u2019est beau mais \u00e7a fait vite un petit chaos sans queue ni t\u00eate si on ne la range pas correctement. La typographie n\u2019\u00e9chappe pas \u00e0 cette r\u00e8gle comme elle n\u2019essaie pas d\u2019\u00e9chapper \u00e0 tant de r\u00e8gles faites pour \u00eatre bris\u00e9es.&nbsp; Pour \u00e9viter le d\u00e9sordre graphique les typographes ont ressenti le besoin d\u2019organiser les&hellip; <a class=\"more-link\" href=\"https:\/\/typonoclaste.org\/index.php\/klassifi\/\">Poursuivre la lecture <span class=\"screen-reader-text\">KLASSIFI<\/span><\/a><\/p>\n","protected":false},"author":1,"featured_media":0,"parent":0,"menu_order":3,"comment_status":"closed","ping_status":"closed","template":"","meta":{"footnotes":""},"class_list":["post-200","page","type-page","status-publish","hentry","entry"],"_links":{"self":[{"href":"https:\/\/typonoclaste.org\/index.php\/wp-json\/wp\/v2\/pages\/200"}],"collection":[{"href":"https:\/\/typonoclaste.org\/index.php\/wp-json\/wp\/v2\/pages"}],"about":[{"href":"https:\/\/typonoclaste.org\/index.php\/wp-json\/wp\/v2\/types\/page"}],"author":[{"embeddable":true,"href":"https:\/\/typonoclaste.org\/index.php\/wp-json\/wp\/v2\/users\/1"}],"replies":[{"embeddable":true,"href":"https:\/\/typonoclaste.org\/index.php\/wp-json\/wp\/v2\/comments?post=200"}],"version-history":[{"count":5,"href":"https:\/\/typonoclaste.org\/index.php\/wp-json\/wp\/v2\/pages\/200\/revisions"}],"predecessor-version":[{"id":454,"href":"https:\/\/typonoclaste.org\/index.php\/wp-json\/wp\/v2\/pages\/200\/revisions\/454"}],"wp:attachment":[{"href":"https:\/\/typonoclaste.org\/index.php\/wp-json\/wp\/v2\/media?parent=200"}],"curies":[{"name":"wp","href":"https:\/\/api.w.org\/{rel}","templated":true}]}}