{"id":204,"date":"2020-08-12T22:45:50","date_gmt":"2020-08-12T20:45:50","guid":{"rendered":"http:\/\/typonoclaste.org\/index.php\/les-geometrales\/"},"modified":"2020-09-24T14:40:31","modified_gmt":"2020-09-24T12:40:31","slug":"les-geometrales","status":"publish","type":"page","link":"https:\/\/typonoclaste.org\/index.php\/les-geometrales\/","title":{"rendered":"LES G\u00c9OM\u00c9TRALES"},"content":{"rendered":"<div class=\"\" style=\"\" >\n    \n    <section class=\"u-clearfix u-section-2\" id=\"sec-13be\">\n      <div class=\"u-clearfix u-sheet u-sheet-1\">\n        <div class=\"u-clearfix u-expanded-width u-gutter-10 u-layout-wrap u-layout-wrap-1\">\n          <div class=\"u-layout\">\n            <div class=\"u-layout-row\">\n              <div class=\"u-size-30\">\n                <div class=\"u-layout-col\">\n                  <div class=\"u-container-style u-layout-cell u-left-cell u-size-60 u-layout-cell-1\" src=\"\">\n                    <div class=\"u-container-layout u-container-layout-1\">\n                      <img decoding=\"async\" class=\"u-expand-resize u-image u-image-1\" src=\"http:\/\/typonoclaste.org\/wp-content\/uploads\/2020\/08\/GEOMETRALE.png\" data-image-width=\"616\" data-image-height=\"498\">\n                      <p class=\"u-text u-text-1\"> Exemple de texte. Lorem ipsum dolor sit amet, consectetur adipiscing elit nullam nunc justo sagittis suscipit ultrices.<\/p>\n                    <\/div>\n                  <\/div>\n                <\/div>\n              <\/div>\n              <div class=\"u-size-30\">\n                <div class=\"u-layout-row\">\n                  <div class=\"u-align-left u-container-style u-layout-cell u-right-cell u-size-60 u-layout-cell-2\">\n                    <div class=\"u-container-layout u-container-layout-2\">\n                      <h3 class=\"u-text u-text-2\">BABELLE&nbsp;<br>CAPILLAIRE&nbsp;<br>CARR\u00c9MENT&nbsp;<br>C\u00c9R\u00c9BRALE&nbsp;<br>SATURNE&nbsp;<br>ZEUBEST&nbsp;<br>ZEUWORST<br>\n                      <\/h3>\n                    <\/div>\n                  <\/div>\n                <\/div>\n              <\/div>\n            <\/div>\n          <\/div>\n        <\/div>\n      <\/div>\n    <\/section>\n    <section class=\"u-clearfix u-section-3\" id=\"sec-4d71\">\n      <div class=\"u-clearfix u-sheet u-sheet-1\">\n        <div class=\"u-border-20 u-border-palette-1-base u-shape u-shape-circle u-shape-1\" data-animation-name=\"slideIn\" data-animation-duration=\"1000\" data-animation-delay=\"0\" data-animation-direction=\"Down\"><\/div>\n        <h1 class=\"u-align-justify u-text u-text-default u-title u-text-1\">BABELLE<\/h1>\n        <p class=\"u-align-justify u-text u-text-default u-text-2\">2007 Pour \u00e9crire tout ce qu\u2019on veux dire\nquand on ne sait pas se taire.<\/p>\n        <div class=\"u-clearfix u-custom-html u-expanded-width u-custom-html-1\">\t\t\t<div class='fontsampler-wrapper on-loading'\n\t\t\t     data-fonts='\/\/typonoclaste.org\/wp-content\/uploads\/2020\/09\/babelle-webfont.woff'\n\t\t\t\t\t\t\t\t\t\t\t\t\tdata-overwrites='{\"\\\/\\\/typonoclaste.org\\\/wp-content\\\/uploads\\\/2020\\\/09\\\/babelle-webfont.woff\":\"BABELLE Regular\"}'\n\t\t\t\t\t\t\t>\n\t\t\t<div class=\"type-tester\"\n     data-min-font-size=\"20\"\n     data-max-font-size=\"96\"\n     data-unit-font-size=\"px\"\n     data-value-font-size=\"32\"\n     data-step-font-size=\"1\"\n\n     data-min-letter-spacing=\"-5\"\n     data-max-letter-spacing=\"5\"\n     data-unit-letter-spacing=\"px\"\n     data-value-letter-spacing=\"0\"\n     data-step-letter-spacing=\"1\"\n\n     data-min-line-height=\"70\"\n     data-max-line-height=\"300\"\n     data-unit-line-height=\"%\"\n     data-value-line-height=\"110\"\n     data-step-line-height=\"1\">\n\n\t<div class=\"fontsampler-interface columns-3 fontsampler-id-33\">\n\n\t\t<div class=\"fontsampler-ui-block full fontsampler-ui-block-fontsampler\" \n\t\t\t\tdata-block=\"fontsampler\">\t\t\t\t\t\t<div autocomplete=\"off\" autocorrect=\"off\" autocapitalize=\"off\" spellcheck=\"false\"\n\t\t\t\t\t\t    class=\"current-font type-tester__content \"\n\t\t\t\t\t\t    contenteditable=\"true\"\n\t\t\t\t\t\t\t                            \n\t\t\t\t\t\t\tstyle=\"text-align: left;\n\t\t\t\t\t\t\t\t\t\t\t\t\t\t\t\t    font-size: 32px;\n\t\t\t\t\t\t\t\t    letter-spacing: 0px;\n\t\t\t\t\t\t\t\t    line-height: 110%;\"\n\t\t\t\t\t\t\t\t\t\t\t\t\t\t\tdata-notdef=\"0\"\n\t\t\t\t\t\t\n\t\t\t\t\t\t>D\u00e8s No\u00ebl, o\u00f9 un z\u00e9phyr ha\u00ef me v\u00eat de gla\u00e7ons w\u00fcrmiens, je d\u00eene d\u2019exquis r\u00f4tis de b\u0153uf au kir, \u00e0 l\u2019a\u00ff d\u2019\u00e2ge m\u00fbr, & c\u0153tera.\r<br>D\u00c8S NO\u00cbL, O\u00d9 UN Z\u00c9PHYR HA\u00cf ME V\u00caT DE GLA\u00c7ONS W\u00dcRMIENS, JE D\u00ceNE D\u2019EXQUIS R\u00d4TIS DE B\u0152UF AU KIR, \u00c0 L\u2019A\u0178 D\u2019\u00c2GE M\u00dbR, & C\u0152TERA<\/div>\n\n\t\t\t\t\t\t<\/div><div class=\"fontsampler-ui-block column fontsampler-ui-block-fontsize\" \n\t\t\t\tdata-block=\"fontsize\">\t\t\t\t\t\t\t<label class=\"fontsampler-slider\">\n\t\t\t\t\t\t\t\t<span class=\"fontsampler-slider-header\">\n\t\t\t\t\t\t\t\t\t<span class=\"slider-label\">Size<\/span>\n\t\t\t\t\t\t\t\t\t<span class=\"slider-value type-tester__label\" data-target-property=\"font-size\"><\/span>\n\t\t\t\t\t\t\t\t<\/span>\n\t\t\t\t\t\t\t\t<div class=\"type-tester__slider\" data-target-property=\"font-size\" \n\t\t\t\t\t\t\t\t\t><\/div>\n\t\t\t\t\t\t\t<\/label>\n\t\t\t\t\t\t<\/div><div class=\"fontsampler-ui-block column fontsampler-ui-block-letterspacing\" \n\t\t\t\tdata-block=\"letterspacing\">\t\t\t\t\t\t\t<label class=\"fontsampler-slider\">\n\t\t\t\t\t\t\t\t<span class=\"fontsampler-slider-header\">\n\t\t\t\t\t\t\t\t\t<span class=\"slider-label\">Letter spacing<\/span>\n\t\t\t\t\t\t\t\t\t<span class=\"slider-value type-tester__label\" data-target-property=\"letter-spacing\"><\/span>\n\t\t\t\t\t\t\t\t<\/span>\n\t\t\t\t\t\t\t\t<div class=\"type-tester__slider\" data-target-property=\"letter-spacing\" \n\t\t\t\t\t\t\t\t\t><\/div>\n\t\t\t\t\t\t\t<\/label>\n\t\t\t\t\t\t<\/div><div class=\"fontsampler-ui-block column fontsampler-ui-block-lineheight\" \n\t\t\t\tdata-block=\"lineheight\">\t\t\t\t\t\t\t<label class=\"fontsampler-slider\">\n\t\t\t\t\t\t\t\t<span class=\"fontsampler-slider-header\">\n\t\t\t\t\t\t\t\t\t<span class=\"slider-label\">Line height<\/span>\n\t\t\t\t\t\t\t\t\t<span class=\"slider-value type-tester__label\" data-target-property=\"line-height\"><\/span>\n\t\t\t\t\t\t\t\t<\/span>\n\t\t\t\t\t\t\t\t<div class=\"type-tester__slider\" data-target-property=\"line-height\" \n\t\t\t\t\t\t\t\t\t><\/div>\n\t\t\t\t\t\t\t<\/label>\n\t\t\t\t\t\t<\/div><div class=\"fontsampler-ui-block column fontsampler-ui-block-sampletexts\" \n\t\t\t\tdata-block=\"sampletexts\">\t\t\t\t\t\t\t<select name=\"sample-text\">\n\t\t\t\t\t\t\t\t\t\t\t\t\t\t\t\t<option selected=\"selected\">Select a sample text<\/option>\n\t\t\t\t\t\t\t\t\t\t\t\t\t\t\t\t\t<option value=\"hamburgerfontstiv\r\">hamburgerfontstiv\r<\/option>\n\t\t\t\t\t\t\t\t\t\t\t\t\t\t\t\t\t<option value=\"abcdefghijklmnopqrstuvwxyz\r\">abcdefghijklmnopqrstuvwxyz\r<\/option>\n\t\t\t\t\t\t\t\t\t\t\t\t\t\t\t\t\t<option value=\"ABCDEFGHIJKLMNOPQRSTUVWXYZ\r\">ABCDEFGHIJKLMNOPQRSTUVWXYZ\r<\/option>\n\t\t\t\t\t\t\t\t\t\t\t\t\t\t\t\t\t<option value=\"The quick brown fox jumps over the lazy cat\">The quick brown fox jumps over the lazy cat<\/option>\n\t\t\t\t\t\t\t\t\t\t\t\t\t\t\t<\/select>\n\t\t\t\t\t\t<\/div><div class=\"fontsampler-ui-block column fontsampler-ui-block-alignment\" \n\t\t\t\tdata-block=\"alignment\">\t\t\t\t\t\t\t<div class=\"fontsampler-multiselect three-items\" data-name=\"alignment\">\n\t\t\t\t\t\t\t\t<button class=\"fontsampler-multiselect-selected\"\t\t\t\t\t\t\t\t\tdata-value=\"left\"><i class=\"icon-align-left\"><\/i>\n\t\t\t\t\t\t\t\t<\/button>\n\t\t\t\t\t\t\t\t<button \t\t\t\t\t\t\t\t\tdata-value=\"center\"><i class=\"icon-align-center\"><\/i>\n\t\t\t\t\t\t\t\t<\/button>\n\t\t\t\t\t\t\t\t<button \t\t\t\t\t\t\t\t\tdata-value=\"right\"><i class=\"icon-align-right\"><\/i>\n\t\t\t\t\t\t\t\t<\/button>\n\t\t\t\t\t\t\t<\/div>\n\t\t\t\t\t\t<\/div><div class=\"fontsampler-ui-block column fontsampler-ui-block-invert\" \n\t\t\t\tdata-block=\"invert\">\t\t\t\t\t\t\t<div class=\"fontsampler-multiselect two-items\" data-name=\"invert\">\n\t\t\t\t\t\t\t\t<button class=\"fontsampler-multiselect-selected\" data-value=\"positive\">\n\t\t\t\t\t\t\t\t\t<i class=\"icon-invert-white\"><\/i>\n\t\t\t\t\t\t\t\t<\/button>\n\t\t\t\t\t\t\t\t<button data-value=\"negative\">\n\t\t\t\t\t\t\t\t\t<i class=\"icon-invert-black\"><\/i>\n\t\t\t\t\t\t\t\t<\/button>\n\t\t\t\t\t\t\t<\/div>\n\t\t\t\t\t\t<\/div><div class=\"fontsampler-ui-block column fontsampler-ui-block-opentype\" \n\t\t\t\tdata-block=\"opentype\">\t\t\t\t\t\t\t<div class=\"fontsampler-multiselect one-item fontsampler-opentype feature-lister\"\n\t\t\t\t\t\t\t     data-name=\"opentype\">\n\t\t\t\t\t\t\t\t<button class=\"fontsampler-opentype-toggle\">\n\t\t\t\t\t\t\t\t\t<i class=\"icon-opentype\"><\/i>\n\t\t\t\t\t\t\t\t<\/button>\n\t\t\t\t\t\t\t\t<div class=\"fontsampler-opentype-features\">\n\t\t\t\t\t\t\t\t\t<fieldset class=\"feature-lister__features--default\"><\/fieldset>\n\t\t\t\t\t\t\t\t\t<fieldset class=\"feature-lister__features--optional\"><\/fieldset>\n\t\t\t\t\t\t\t\t<\/div>\n\t\t\t\t\t\t\t<\/div>\n\t\t\t\t\t\t<\/div>\t<\/div>\n<\/div><\/div><\/div>\n        <a href=\"#sec-13be\" class=\"u-btn u-button-style u-btn-1\">MENU<\/a>\n      <\/div>\n    <\/section>\n    \n    \n    \n  \n<\/div>","protected":false},"excerpt":{"rendered":"<p>Exemple de texte. Lorem ipsum dolor sit amet, consectetur adipiscing elit nullam nunc justo sagittis suscipit ultrices. BABELLE&nbsp;CAPILLAIRE&nbsp;CARR\u00c9MENT&nbsp;C\u00c9R\u00c9BRALE&nbsp;SATURNE&nbsp;ZEUBEST&nbsp;ZEUWORST BABELLE 2007 Pour \u00e9crire tout ce qu\u2019on veux dire quand on ne sait pas se taire. D\u00e8s No\u00ebl, o\u00f9 un z\u00e9phyr ha\u00ef me v\u00eat de gla\u00e7ons w\u00fcrmiens, je d\u00eene d\u2019exquis r\u00f4tis de b\u0153uf au kir, \u00e0 l\u2019a\u00ff&hellip; <a class=\"more-link\" href=\"https:\/\/typonoclaste.org\/index.php\/les-geometrales\/\">Poursuivre la lecture <span class=\"screen-reader-text\">LES G\u00c9OM\u00c9TRALES<\/span><\/a><\/p>\n","protected":false},"author":1,"featured_media":0,"parent":0,"menu_order":10,"comment_status":"closed","ping_status":"closed","template":"","meta":{"footnotes":""},"class_list":["post-204","page","type-page","status-publish","hentry","entry"],"_links":{"self":[{"href":"https:\/\/typonoclaste.org\/index.php\/wp-json\/wp\/v2\/pages\/204"}],"collection":[{"href":"https:\/\/typonoclaste.org\/index.php\/wp-json\/wp\/v2\/pages"}],"about":[{"href":"https:\/\/typonoclaste.org\/index.php\/wp-json\/wp\/v2\/types\/page"}],"author":[{"embeddable":true,"href":"https:\/\/typonoclaste.org\/index.php\/wp-json\/wp\/v2\/users\/1"}],"replies":[{"embeddable":true,"href":"https:\/\/typonoclaste.org\/index.php\/wp-json\/wp\/v2\/comments?post=204"}],"version-history":[{"count":6,"href":"https:\/\/typonoclaste.org\/index.php\/wp-json\/wp\/v2\/pages\/204\/revisions"}],"predecessor-version":[{"id":443,"href":"https:\/\/typonoclaste.org\/index.php\/wp-json\/wp\/v2\/pages\/204\/revisions\/443"}],"wp:attachment":[{"href":"https:\/\/typonoclaste.org\/index.php\/wp-json\/wp\/v2\/media?parent=204"}],"curies":[{"name":"wp","href":"https:\/\/api.w.org\/{rel}","templated":true}]}}