{"id":206,"date":"2020-08-12T22:45:52","date_gmt":"2020-08-12T20:45:52","guid":{"rendered":"http:\/\/typonoclaste.org\/index.php\/typiques\/"},"modified":"2020-08-26T23:57:26","modified_gmt":"2020-08-26T21:57:26","slug":"typiques","status":"publish","type":"page","link":"https:\/\/typonoclaste.org\/index.php\/typiques\/","title":{"rendered":"TYPIQUES"},"content":{"rendered":"<div class=\"\" style=\"\" >\n    \n    <section class=\"u-clearfix u-section-2\" id=\"sec-13be\">\n      <div class=\"u-clearfix u-sheet u-sheet-1\">\n        <div class=\"u-clearfix u-expanded-width u-gutter-10 u-layout-wrap u-layout-wrap-1\">\n          <div class=\"u-layout\">\n            <div class=\"u-layout-row\">\n              <div class=\"u-size-30\">\n                <div class=\"u-layout-col\">\n                  <div class=\"u-container-style u-layout-cell u-left-cell u-size-60 u-layout-cell-1\" src=\"\">\n                    <div class=\"u-container-layout u-container-layout-1\">\n                      <img decoding=\"async\" class=\"u-expand-resize u-image u-image-1\" src=\"http:\/\/typonoclaste.org\/wp-content\/uploads\/2020\/08\/TYPIQUES1.png\" data-image-width=\"508\" data-image-height=\"670\">\n                      <p class=\"u-text u-text-1\"> Exemple de texte. Lorem ipsum dolor sit amet, consectetur adipiscing elit nullam nunc justo sagittis suscipit ultrices.<\/p>\n                    <\/div>\n                  <\/div>\n                <\/div>\n              <\/div>\n              <div class=\"u-size-30\">\n                <div class=\"u-layout-row\">\n                  <div class=\"u-align-left u-container-style u-layout-cell u-size-60 u-layout-cell-2\">\n                    <div class=\"u-container-layout u-container-layout-2\">\n                      <h3 class=\"u-text u-text-2\">BARBEL\u00c9&nbsp;<br>COSM\u00c9TIQUE&nbsp;<br>CRITICA&nbsp;<br>HERM\u00c9TICA&nbsp;<br>H\u00c9R\u00c9TICA&nbsp;<br>ORIFICE&nbsp;<br>TYPIK<br>\n                      <\/h3>\n                    <\/div>\n                  <\/div>\n                <\/div>\n              <\/div>\n            <\/div>\n          <\/div>\n        <\/div>\n      <\/div>\n    <\/section>\n    \n    \n    \n  \n<\/div>","protected":false},"excerpt":{"rendered":"<p>Exemple de texte. Lorem ipsum dolor sit amet, consectetur adipiscing elit nullam nunc justo sagittis suscipit ultrices. BARBEL\u00c9&nbsp;COSM\u00c9TIQUE&nbsp;CRITICA&nbsp;HERM\u00c9TICA&nbsp;H\u00c9R\u00c9TICA&nbsp;ORIFICE&nbsp;TYPIK<\/p>\n","protected":false},"author":1,"featured_media":0,"parent":0,"menu_order":12,"comment_status":"closed","ping_status":"closed","template":"","meta":{"footnotes":""},"class_list":["post-206","page","type-page","status-publish","hentry","entry"],"_links":{"self":[{"href":"https:\/\/typonoclaste.org\/index.php\/wp-json\/wp\/v2\/pages\/206"}],"collection":[{"href":"https:\/\/typonoclaste.org\/index.php\/wp-json\/wp\/v2\/pages"}],"about":[{"href":"https:\/\/typonoclaste.org\/index.php\/wp-json\/wp\/v2\/types\/page"}],"author":[{"embeddable":true,"href":"https:\/\/typonoclaste.org\/index.php\/wp-json\/wp\/v2\/users\/1"}],"replies":[{"embeddable":true,"href":"https:\/\/typonoclaste.org\/index.php\/wp-json\/wp\/v2\/comments?post=206"}],"version-history":[{"count":2,"href":"https:\/\/typonoclaste.org\/index.php\/wp-json\/wp\/v2\/pages\/206\/revisions"}],"predecessor-version":[{"id":408,"href":"https:\/\/typonoclaste.org\/index.php\/wp-json\/wp\/v2\/pages\/206\/revisions\/408"}],"wp:attachment":[{"href":"https:\/\/typonoclaste.org\/index.php\/wp-json\/wp\/v2\/media?parent=206"}],"curies":[{"name":"wp","href":"https:\/\/api.w.org\/{rel}","templated":true}]}}